{"id":3127,"date":"2025-08-26T22:32:45","date_gmt":"2025-08-26T22:32:45","guid":{"rendered":"https:\/\/www.lapoeleafilm.com\/legal-notice\/"},"modified":"2025-11-21T15:45:13","modified_gmt":"2025-11-21T15:45:13","slug":"legal-notice","status":"publish","type":"page","link":"https:\/\/www.lapoeleafilm.com\/en\/legal-notice\/","title":{"rendered":"Legal Notice"},"content":{"rendered":"<div class=\"fusion-fullwidth fullwidth-box fusion-builder-row-1 fusion-flex-container nonhundred-percent-fullwidth non-hundred-percent-height-scrolling\" style=\"--awb-border-radius-top-left:0px;--awb-border-radius-top-right:0px;--awb-border-radius-bottom-right:0px;--awb-border-radius-bottom-left:0px;--awb-flex-wrap:wrap;\" ><div class=\"fusion-builder-row fusion-row fusion-flex-align-items-flex-start fusion-flex-content-wrap\" style=\"max-width:1289.6px;margin-left: calc(-4% \/ 2 );margin-right: calc(-4% \/ 2 );\"><div class=\"fusion-layout-column fusion_builder_column fusion-builder-column-0 fusion_builder_column_1_1 1_1 fusion-flex-column\" style=\"--awb-bg-size:cover;--awb-width-large:100%;--awb-margin-top-large:0px;--awb-spacing-right-large:1.92%;--awb-margin-bottom-large:0px;--awb-spacing-left-large:1.92%;--awb-width-medium:100%;--awb-spacing-right-medium:1.92%;--awb-spacing-left-medium:1.92%;--awb-width-small:100%;--awb-spacing-right-small:1.92%;--awb-spacing-left-small:1.92%;\"><div class=\"fusion-column-wrapper fusion-flex-justify-content-flex-start fusion-content-layout-column\"><div class=\"fusion-text fusion-text-1\"><p><strong>In accordance with the provisions of Law No. 2004-575 of June 21, 2004, on confidence in the digital economy, users of the website www.lapoeleafilm.com are hereby informed of the identity of the various parties involved in its creation and monitoring.<\/strong><\/p>\n<p><strong>Owner: <\/strong>SARL LA POELE A FILM<\/p>\n<p>Address: 6 RUE MARC SEGUIN ZI MITRY COMPANS, 77290 MITRY-MORY<br \/>Email: <a href=\"mailto:contact@lapoeleafilm.com\">contact@lapoeleafilm.com<\/a><br \/>SIRET: 34138612600047<br \/>Intracommunity VAT No.: FR89341386126<\/p>\n<p><strong>Publication Director, Legal Representative<\/strong>: Mr. Patrick Vial<br \/>Website Design: <a href=\"https:\/\/www.eskale.fr\">ESKALE<\/a><br \/>Hosting: 1and1 Ionos Internet SARL, 7 place de la Gare, BP 70109, 57201 Sarreguemines Cedex<\/p>\n<p><strong>Data Protection Act<\/strong>: Every user has the right to access, modify, rectify, and delete data concerning them, in accordance with Law No. 7817 of 06\/01\/78 (Data Protection), by contacting <a href=\"mailto:contact@lapoeleafilm.com\">contact@lapoeleafilm.com<\/a><\/p>\n<p><strong>Intellectual Property<\/strong>: The site and the information it contains are protected by French intellectual property law and international conventions. Except for use within the family circle or private use, the site and no element of its content may be reproduced, republished, transcribed, modified, or retransmitted without the prior authorization of the rights holders.<\/p>\n<p><strong>Photo Credits<\/strong>: Adobe Stock, Pixabay<\/p>\n<\/div><\/div><\/div><\/div><\/div>\n","protected":false},"excerpt":{"rendered":"","protected":false},"author":1,"featured_media":0,"parent":0,"menu_order":0,"comment_status":"closed","ping_status":"closed","template":"","meta":{"footnotes":""},"class_list":["post-3127","page","type-page","status-publish","hentry"],"yoast_head":"<!-- This site is optimized with the Yoast SEO plugin v26.6 - https:\/\/yoast.com\/wordpress\/plugins\/seo\/ -->\n<title>Legal Notice &#8226; La Po\u00eale \u00e0 Film<\/title>\n<meta name=\"robots\" content=\"index, follow, max-snippet:-1, max-image-preview:large, max-video-preview:-1\" \/>\n<link rel=\"canonical\" href=\"https:\/\/www.lapoeleafilm.com\/en\/legal-notice\/\" \/>\n<meta property=\"og:locale\" content=\"en_US\" \/>\n<meta property=\"og:type\" content=\"article\" \/>\n<meta property=\"og:title\" content=\"Legal Notice &#8226; La Po\u00eale \u00e0 Film\" \/>\n<meta property=\"og:url\" content=\"https:\/\/www.lapoeleafilm.com\/en\/legal-notice\/\" \/>\n<meta property=\"og:site_name\" content=\"La Po\u00eale \u00e0 Film\" \/>\n<meta property=\"article:modified_time\" content=\"2025-11-21T15:45:13+00:00\" \/>\n<meta property=\"og:image\" content=\"https:\/\/www.lapoeleafilm.com\/wp-content\/uploads\/2025\/10\/mini_AdobeStock_9343620081.jpeg\" \/>\n\t<meta property=\"og:image:width\" content=\"2283\" \/>\n\t<meta property=\"og:image:height\" content=\"1280\" \/>\n\t<meta property=\"og:image:type\" content=\"image\/jpeg\" \/>\n<meta name=\"twitter:card\" content=\"summary_large_image\" \/>\n<script type=\"application\/ld+json\" class=\"yoast-schema-graph\">{\"@context\":\"https:\/\/schema.org\",\"@graph\":[{\"@type\":\"WebPage\",\"@id\":\"https:\/\/www.lapoeleafilm.com\/en\/legal-notice\/\",\"url\":\"https:\/\/www.lapoeleafilm.com\/en\/legal-notice\/\",\"name\":\"Legal Notice &#8226; La Po\u00eale \u00e0 Film\",\"isPartOf\":{\"@id\":\"https:\/\/www.lapoeleafilm.com\/en\/#website\"},\"datePublished\":\"2025-08-26T22:32:45+00:00\",\"dateModified\":\"2025-11-21T15:45:13+00:00\",\"breadcrumb\":{\"@id\":\"https:\/\/www.lapoeleafilm.com\/en\/legal-notice\/#breadcrumb\"},\"inLanguage\":\"en-US\",\"potentialAction\":[{\"@type\":\"ReadAction\",\"target\":[\"https:\/\/www.lapoeleafilm.com\/en\/legal-notice\/\"]}]},{\"@type\":\"BreadcrumbList\",\"@id\":\"https:\/\/www.lapoeleafilm.com\/en\/legal-notice\/#breadcrumb\",\"itemListElement\":[{\"@type\":\"ListItem\",\"position\":1,\"name\":\"Accueil\",\"item\":\"https:\/\/www.lapoeleafilm.com\/en\/home\/\"},{\"@type\":\"ListItem\",\"position\":2,\"name\":\"Legal Notice\"}]},{\"@type\":\"WebSite\",\"@id\":\"https:\/\/www.lapoeleafilm.com\/en\/#website\",\"url\":\"https:\/\/www.lapoeleafilm.com\/en\/\",\"name\":\"La Po\u00eale \u00e0 Film\",\"description\":\"Cantine cin\u00e9ma et Catering \u00e9v\u00e9nementiel\",\"publisher\":{\"@id\":\"https:\/\/www.lapoeleafilm.com\/en\/#organization\"},\"potentialAction\":[{\"@type\":\"SearchAction\",\"target\":{\"@type\":\"EntryPoint\",\"urlTemplate\":\"https:\/\/www.lapoeleafilm.com\/en\/?s={search_term_string}\"},\"query-input\":{\"@type\":\"PropertyValueSpecification\",\"valueRequired\":true,\"valueName\":\"search_term_string\"}}],\"inLanguage\":\"en-US\"},{\"@type\":\"Organization\",\"@id\":\"https:\/\/www.lapoeleafilm.com\/en\/#organization\",\"name\":\"La Po\u00eale \u00e0 Film\",\"url\":\"https:\/\/www.lapoeleafilm.com\/en\/\",\"logo\":{\"@type\":\"ImageObject\",\"inLanguage\":\"en-US\",\"@id\":\"https:\/\/www.lapoeleafilm.com\/en\/#\/schema\/logo\/image\/\",\"url\":\"https:\/\/www.lapoeleafilm.com\/wp-content\/uploads\/2025\/09\/2-1.png\",\"contentUrl\":\"https:\/\/www.lapoeleafilm.com\/wp-content\/uploads\/2025\/09\/2-1.png\",\"width\":310,\"height\":125,\"caption\":\"La Po\u00eale \u00e0 Film\"},\"image\":{\"@id\":\"https:\/\/www.lapoeleafilm.com\/en\/#\/schema\/logo\/image\/\"}}]}<\/script>\n<!-- \/ Yoast SEO plugin. -->","yoast_head_json":{"title":"Legal Notice &#8226; La Po\u00eale \u00e0 Film","robots":{"index":"index","follow":"follow","max-snippet":"max-snippet:-1","max-image-preview":"max-image-preview:large","max-video-preview":"max-video-preview:-1"},"canonical":"https:\/\/www.lapoeleafilm.com\/en\/legal-notice\/","og_locale":"en_US","og_type":"article","og_title":"Legal Notice &#8226; La Po\u00eale \u00e0 Film","og_url":"https:\/\/www.lapoeleafilm.com\/en\/legal-notice\/","og_site_name":"La Po\u00eale \u00e0 Film","article_modified_time":"2025-11-21T15:45:13+00:00","og_image":[{"width":2283,"height":1280,"url":"https:\/\/www.lapoeleafilm.com\/wp-content\/uploads\/2025\/10\/mini_AdobeStock_9343620081.jpeg","type":"image\/jpeg"}],"twitter_card":"summary_large_image","schema":{"@context":"https:\/\/schema.org","@graph":[{"@type":"WebPage","@id":"https:\/\/www.lapoeleafilm.com\/en\/legal-notice\/","url":"https:\/\/www.lapoeleafilm.com\/en\/legal-notice\/","name":"Legal Notice &#8226; La Po\u00eale \u00e0 Film","isPartOf":{"@id":"https:\/\/www.lapoeleafilm.com\/en\/#website"},"datePublished":"2025-08-26T22:32:45+00:00","dateModified":"2025-11-21T15:45:13+00:00","breadcrumb":{"@id":"https:\/\/www.lapoeleafilm.com\/en\/legal-notice\/#breadcrumb"},"inLanguage":"en-US","potentialAction":[{"@type":"ReadAction","target":["https:\/\/www.lapoeleafilm.com\/en\/legal-notice\/"]}]},{"@type":"BreadcrumbList","@id":"https:\/\/www.lapoeleafilm.com\/en\/legal-notice\/#breadcrumb","itemListElement":[{"@type":"ListItem","position":1,"name":"Accueil","item":"https:\/\/www.lapoeleafilm.com\/en\/home\/"},{"@type":"ListItem","position":2,"name":"Legal Notice"}]},{"@type":"WebSite","@id":"https:\/\/www.lapoeleafilm.com\/en\/#website","url":"https:\/\/www.lapoeleafilm.com\/en\/","name":"La Po\u00eale \u00e0 Film","description":"Cantine cin\u00e9ma et Catering \u00e9v\u00e9nementiel","publisher":{"@id":"https:\/\/www.lapoeleafilm.com\/en\/#organization"},"potentialAction":[{"@type":"SearchAction","target":{"@type":"EntryPoint","urlTemplate":"https:\/\/www.lapoeleafilm.com\/en\/?s={search_term_string}"},"query-input":{"@type":"PropertyValueSpecification","valueRequired":true,"valueName":"search_term_string"}}],"inLanguage":"en-US"},{"@type":"Organization","@id":"https:\/\/www.lapoeleafilm.com\/en\/#organization","name":"La Po\u00eale \u00e0 Film","url":"https:\/\/www.lapoeleafilm.com\/en\/","logo":{"@type":"ImageObject","inLanguage":"en-US","@id":"https:\/\/www.lapoeleafilm.com\/en\/#\/schema\/logo\/image\/","url":"https:\/\/www.lapoeleafilm.com\/wp-content\/uploads\/2025\/09\/2-1.png","contentUrl":"https:\/\/www.lapoeleafilm.com\/wp-content\/uploads\/2025\/09\/2-1.png","width":310,"height":125,"caption":"La Po\u00eale \u00e0 Film"},"image":{"@id":"https:\/\/www.lapoeleafilm.com\/en\/#\/schema\/logo\/image\/"}}]}},"_links":{"self":[{"href":"https:\/\/www.lapoeleafilm.com\/en\/wp-json\/wp\/v2\/pages\/3127","targetHints":{"allow":["GET"]}}],"collection":[{"href":"https:\/\/www.lapoeleafilm.com\/en\/wp-json\/wp\/v2\/pages"}],"about":[{"href":"https:\/\/www.lapoeleafilm.com\/en\/wp-json\/wp\/v2\/types\/page"}],"author":[{"embeddable":true,"href":"https:\/\/www.lapoeleafilm.com\/en\/wp-json\/wp\/v2\/users\/1"}],"replies":[{"embeddable":true,"href":"https:\/\/www.lapoeleafilm.com\/en\/wp-json\/wp\/v2\/comments?post=3127"}],"version-history":[{"count":2,"href":"https:\/\/www.lapoeleafilm.com\/en\/wp-json\/wp\/v2\/pages\/3127\/revisions"}],"predecessor-version":[{"id":3129,"href":"https:\/\/www.lapoeleafilm.com\/en\/wp-json\/wp\/v2\/pages\/3127\/revisions\/3129"}],"wp:attachment":[{"href":"https:\/\/www.lapoeleafilm.com\/en\/wp-json\/wp\/v2\/media?parent=3127"}],"curies":[{"name":"wp","href":"https:\/\/api.w.org\/{rel}","templated":true}]}}